{"id":3390,"date":"2023-06-13T15:46:11","date_gmt":"2023-06-13T15:46:11","guid":{"rendered":"https:\/\/fixper.axislawconsulting.com\/photos\/"},"modified":"2024-11-25T09:18:03","modified_gmt":"2024-11-25T09:18:03","slug":"photos","status":"publish","type":"page","link":"https:\/\/fixper.com.tr\/tr\/photos\/","title":{"rendered":"Foto\u011fraflar"},"content":{"rendered":"\t\t<div data-elementor-type=\"wp-page\" data-elementor-id=\"3390\" class=\"elementor elementor-3390 elementor-581\" data-elementor-post-type=\"page\">\n\t\t\t\t\t\t<section class=\"elementor-section elementor-top-section elementor-element elementor-element-a3dca14 elementor-section-full_width elementor-section-height-default elementor-section-height-default\" data-id=\"a3dca14\" data-element_type=\"section\" data-settings=\"{&quot;jet_parallax_layout_list&quot;:[]}\">\n\t\t\t\t\t\t<div class=\"elementor-container elementor-column-gap-default\">\n\t\t\t\t\t<div class=\"elementor-column elementor-col-100 elementor-top-column elementor-element elementor-element-db2e296\" data-id=\"db2e296\" data-element_type=\"column\">\n\t\t\t<div class=\"elementor-widget-wrap elementor-element-populated\">\n\t\t\t\t\t\t<div class=\"elementor-element elementor-element-f818bb0 elementor-widget elementor-widget-template\" data-id=\"f818bb0\" data-element_type=\"widget\" data-widget_type=\"template.default\">\n\t\t\t\t<div class=\"elementor-widget-container\">\n\t\t\t\t\t\t\t<div class=\"elementor-template\">\n\t\t\t\t\t<div data-elementor-type=\"section\" data-elementor-id=\"475\" class=\"elementor elementor-475\" data-elementor-post-type=\"elementor_library\">\n\t\t\t\t\t<section class=\"elementor-section elementor-top-section elementor-element elementor-element-89d6639 elementor-section-boxed elementor-section-height-default elementor-section-height-default\" data-id=\"89d6639\" data-element_type=\"section\" data-settings=\"{&quot;background_background&quot;:&quot;classic&quot;,&quot;jet_parallax_layout_list&quot;:[]}\">\n\t\t\t\t\t\t<div class=\"elementor-container elementor-column-gap-default\">\n\t\t\t\t\t<div class=\"elementor-column elementor-col-100 elementor-top-column elementor-element elementor-element-105c16e\" data-id=\"105c16e\" data-element_type=\"column\">\n\t\t\t<div class=\"elementor-widget-wrap elementor-element-populated\">\n\t\t\t\t\t\t<div class=\"elementor-element elementor-element-5e75578 elementor-widget elementor-widget-heading\" data-id=\"5e75578\" data-element_type=\"widget\" data-widget_type=\"heading.default\">\n\t\t\t\t\t<h2 class=\"elementor-heading-title elementor-size-default\">Foto\u011fraflar<\/h2>\t\t\t\t<\/div>\n\t\t\t\t<div class=\"elementor-element elementor-element-a574c1d elementor-align-center elementor-widget elementor-widget-breadcrumbs\" data-id=\"a574c1d\" data-element_type=\"widget\" data-widget_type=\"breadcrumbs.default\">\n\t\t\t\t\t<p id=\"breadcrumbs\"><span><span><a href=\"https:\/\/fixper.com.tr\/tr\/\">Anasayfa<\/a><\/span><\/span><\/p>\t\t\t\t<\/div>\n\t\t\t\t\t<\/div>\n\t\t<\/div>\n\t\t\t\t\t<\/div>\n\t\t<\/section>\n\t\t\t\t<\/div>\n\t\t\t\t<\/div>\n\t\t\t\t\t\t<\/div>\n\t\t\t\t<\/div>\n\t\t\t\t\t<\/div>\n\t\t<\/div>\n\t\t\t\t\t<\/div>\n\t\t<\/section>\n\t\t\t\t<section class=\"elementor-section elementor-top-section elementor-element elementor-element-201e321 elementor-section-boxed elementor-section-height-default elementor-section-height-default\" data-id=\"201e321\" data-element_type=\"section\" data-settings=\"{&quot;background_background&quot;:&quot;classic&quot;,&quot;jet_parallax_layout_list&quot;:[]}\">\n\t\t\t\t\t\t<div class=\"elementor-container elementor-column-gap-default\">\n\t\t\t\t\t<div class=\"elementor-column elementor-col-100 elementor-top-column elementor-element elementor-element-a0c8394\" data-id=\"a0c8394\" data-element_type=\"column\">\n\t\t\t<div class=\"elementor-widget-wrap elementor-element-populated\">\n\t\t\t\t\t\t<div class=\"elementor-element elementor-element-372a935 elementor-widget elementor-widget-gallery\" data-id=\"372a935\" data-element_type=\"widget\" data-settings=\"{&quot;columns_tablet&quot;:3,&quot;columns_mobile&quot;:2,&quot;lazyload&quot;:&quot;yes&quot;,&quot;gallery_layout&quot;:&quot;grid&quot;,&quot;columns&quot;:4,&quot;gap&quot;:{&quot;unit&quot;:&quot;px&quot;,&quot;size&quot;:10,&quot;sizes&quot;:[]},&quot;gap_tablet&quot;:{&quot;unit&quot;:&quot;px&quot;,&quot;size&quot;:10,&quot;sizes&quot;:[]},&quot;gap_mobile&quot;:{&quot;unit&quot;:&quot;px&quot;,&quot;size&quot;:10,&quot;sizes&quot;:[]},&quot;link_to&quot;:&quot;file&quot;,&quot;aspect_ratio&quot;:&quot;3:2&quot;,&quot;overlay_background&quot;:&quot;yes&quot;,&quot;content_hover_animation&quot;:&quot;fade-in&quot;}\" data-widget_type=\"gallery.default\">\n\t\t\t\t\t\t\t<div class=\"elementor-gallery__container\">\n\t\t\t\t\t\t\t<a class=\"e-gallery-item elementor-gallery-item elementor-animated-content\" href=\"https:\/\/fixper.com.tr\/wp-content\/uploads\/2020\/12\/su.yalitimi.1._1207200410391218-4.jpg\" data-elementor-open-lightbox=\"yes\" data-elementor-lightbox-slideshow=\"372a935\" data-elementor-lightbox-title=\"su.yalitimi.(1)._1207200410391218\" data-e-action-hash=\"#elementor-action%3Aaction%3Dlightbox%26settings%3DeyJpZCI6NDA5LCJ1cmwiOiJodHRwczpcL1wvZml4cGVyLmNvbS50clwvd3AtY29udGVudFwvdXBsb2Fkc1wvMjAyMFwvMTJcL3N1LnlhbGl0aW1pLjEuXzEyMDcyMDA0MTAzOTEyMTgtNC5qcGciLCJzbGlkZXNob3ciOiIzNzJhOTM1In0%3D\">\n\t\t\t\t\t<div class=\"e-gallery-image elementor-gallery-item__image\" data-thumbnail=\"https:\/\/fixper.com.tr\/wp-content\/uploads\/2020\/12\/su.yalitimi.1._1207200410391218-4-300x200.jpg\" data-width=\"300\" data-height=\"200\" aria-label=\"\" role=\"img\" ><\/div>\n\t\t\t\t\t\t\t\t\t\t\t<div class=\"elementor-gallery-item__overlay\"><\/div>\n\t\t\t\t\t\t\t\t\t\t\t\t\t\t<\/a>\n\t\t\t\t\t\t\t<a class=\"e-gallery-item elementor-gallery-item elementor-animated-content\" href=\"https:\/\/fixper.com.tr\/wp-content\/uploads\/2020\/12\/yuksek.ses_.1_1106201055004366.jpg\" data-elementor-open-lightbox=\"yes\" data-elementor-lightbox-slideshow=\"372a935\" data-elementor-lightbox-title=\"yuksek.ses.(1)_1106201055004366\" data-e-action-hash=\"#elementor-action%3Aaction%3Dlightbox%26settings%3DeyJpZCI6NDA2LCJ1cmwiOiJodHRwczpcL1wvZml4cGVyLmNvbS50clwvd3AtY29udGVudFwvdXBsb2Fkc1wvMjAyMFwvMTJcL3l1a3Nlay5zZXNfLjFfMTEwNjIwMTA1NTAwNDM2Ni5qcGciLCJzbGlkZXNob3ciOiIzNzJhOTM1In0%3D\">\n\t\t\t\t\t<div class=\"e-gallery-image elementor-gallery-item__image\" data-thumbnail=\"https:\/\/fixper.com.tr\/wp-content\/uploads\/2020\/12\/yuksek.ses_.1_1106201055004366-300x200.jpg\" data-width=\"300\" data-height=\"200\" aria-label=\"\" role=\"img\" ><\/div>\n\t\t\t\t\t\t\t\t\t\t\t<div class=\"elementor-gallery-item__overlay\"><\/div>\n\t\t\t\t\t\t\t\t\t\t\t\t\t\t<\/a>\n\t\t\t\t\t\t\t<a class=\"e-gallery-item elementor-gallery-item elementor-animated-content\" href=\"https:\/\/fixper.com.tr\/wp-content\/uploads\/2020\/12\/nefes.alabilen.1_1106201053111864.jpg\" data-elementor-open-lightbox=\"yes\" data-elementor-lightbox-slideshow=\"372a935\" data-elementor-lightbox-title=\"nefes.alabilen.(1)_1106201053111864\" data-e-action-hash=\"#elementor-action%3Aaction%3Dlightbox%26settings%3DeyJpZCI6NDAyLCJ1cmwiOiJodHRwczpcL1wvZml4cGVyLmNvbS50clwvd3AtY29udGVudFwvdXBsb2Fkc1wvMjAyMFwvMTJcL25lZmVzLmFsYWJpbGVuLjFfMTEwNjIwMTA1MzExMTg2NC5qcGciLCJzbGlkZXNob3ciOiIzNzJhOTM1In0%3D\">\n\t\t\t\t\t<div class=\"e-gallery-image elementor-gallery-item__image\" data-thumbnail=\"https:\/\/fixper.com.tr\/wp-content\/uploads\/2020\/12\/nefes.alabilen.1_1106201053111864-300x200.jpg\" data-width=\"300\" data-height=\"200\" aria-label=\"\" role=\"img\" ><\/div>\n\t\t\t\t\t\t\t\t\t\t\t<div class=\"elementor-gallery-item__overlay\"><\/div>\n\t\t\t\t\t\t\t\t\t\t\t\t\t\t<\/a>\n\t\t\t\t\t\t\t<a class=\"e-gallery-item elementor-gallery-item elementor-animated-content\" href=\"https:\/\/fixper.com.tr\/wp-content\/uploads\/2020\/12\/yangin.yalitimi.1_1106201104234377.jpg\" data-elementor-open-lightbox=\"yes\" data-elementor-lightbox-slideshow=\"372a935\" data-elementor-lightbox-title=\"yangin.yalitimi.(1)_1106201104234377\" data-e-action-hash=\"#elementor-action%3Aaction%3Dlightbox%26settings%3DeyJpZCI6Mzk4LCJ1cmwiOiJodHRwczpcL1wvZml4cGVyLmNvbS50clwvd3AtY29udGVudFwvdXBsb2Fkc1wvMjAyMFwvMTJcL3lhbmdpbi55YWxpdGltaS4xXzExMDYyMDExMDQyMzQzNzcuanBnIiwic2xpZGVzaG93IjoiMzcyYTkzNSJ9\">\n\t\t\t\t\t<div class=\"e-gallery-image elementor-gallery-item__image\" data-thumbnail=\"https:\/\/fixper.com.tr\/wp-content\/uploads\/2020\/12\/yangin.yalitimi.1_1106201104234377-300x200.jpg\" data-width=\"300\" data-height=\"200\" aria-label=\"\" role=\"img\" ><\/div>\n\t\t\t\t\t\t\t\t\t\t\t<div class=\"elementor-gallery-item__overlay\"><\/div>\n\t\t\t\t\t\t\t\t\t\t\t\t\t\t<\/a>\n\t\t\t\t\t\t\t<a class=\"e-gallery-item elementor-gallery-item elementor-animated-content\" href=\"https:\/\/fixper.com.tr\/wp-content\/uploads\/2020\/12\/mevsimsel.etki_.1_1106201119169863.jpg\" data-elementor-open-lightbox=\"yes\" data-elementor-lightbox-slideshow=\"372a935\" data-elementor-lightbox-title=\"Fixper Insulation \u2013 Breathable Thermal Plaster for Healthier Buildings\" data-elementor-lightbox-description=\"This photo highlights Fixper Insulation\u2019s thermal plaster, designed to provide effective thermal performance while remaining breathable. Engineered from inorganic and mineral-based raw materials, the plaster allows vapor diffusion, helping to regulate moisture levels inside walls. This breathability reduces the risk of mold, condensation, and long-term structural damage \u2014 making it a smart choice for creating durable, healthy, and comfortable living environments\" data-e-action-hash=\"#elementor-action%3Aaction%3Dlightbox%26settings%3DeyJpZCI6Mzk0LCJ1cmwiOiJodHRwczpcL1wvZml4cGVyLmNvbS50clwvd3AtY29udGVudFwvdXBsb2Fkc1wvMjAyMFwvMTJcL21ldnNpbXNlbC5ldGtpXy4xXzExMDYyMDExMTkxNjk4NjMuanBnIiwic2xpZGVzaG93IjoiMzcyYTkzNSJ9\">\n\t\t\t\t\t<div class=\"e-gallery-image elementor-gallery-item__image\" data-thumbnail=\"https:\/\/fixper.com.tr\/wp-content\/uploads\/2020\/12\/mevsimsel.etki_.1_1106201119169863-300x200.jpg\" data-width=\"300\" data-height=\"200\" aria-label=\"Fixper thermal insulation plaster demonstrating breathable properties for healthier wall systems\" role=\"img\" ><\/div>\n\t\t\t\t\t\t\t\t\t\t\t<div class=\"elementor-gallery-item__overlay\"><\/div>\n\t\t\t\t\t\t\t\t\t\t\t\t\t\t<\/a>\n\t\t\t\t\t\t\t<a class=\"e-gallery-item elementor-gallery-item elementor-animated-content\" href=\"https:\/\/fixper.com.tr\/wp-content\/uploads\/2023\/06\/brk-tiles-img-2_1306200105074227.jpg\" data-elementor-open-lightbox=\"yes\" data-elementor-lightbox-slideshow=\"372a935\" data-elementor-lightbox-title=\"brk-tiles-img-2_1306200105074227\" data-e-action-hash=\"#elementor-action%3Aaction%3Dlightbox%26settings%3DeyJpZCI6MzUyLCJ1cmwiOiJodHRwczpcL1wvZml4cGVyLmNvbS50clwvd3AtY29udGVudFwvdXBsb2Fkc1wvMjAyM1wvMDZcL2Jyay10aWxlcy1pbWctMl8xMzA2MjAwMTA1MDc0MjI3LmpwZyIsInNsaWRlc2hvdyI6IjM3MmE5MzUifQ%3D%3D\">\n\t\t\t\t\t<div class=\"e-gallery-image elementor-gallery-item__image\" data-thumbnail=\"https:\/\/fixper.com.tr\/wp-content\/uploads\/2023\/06\/brk-tiles-img-2_1306200105074227-300x151.jpg\" data-width=\"300\" data-height=\"151\" aria-label=\"\" role=\"img\" ><\/div>\n\t\t\t\t\t\t\t\t\t\t\t<div class=\"elementor-gallery-item__overlay\"><\/div>\n\t\t\t\t\t\t\t\t\t\t\t\t\t\t<\/a>\n\t\t\t\t\t\t\t<a class=\"e-gallery-item elementor-gallery-item elementor-animated-content\" href=\"https:\/\/fixper.com.tr\/wp-content\/uploads\/2023\/06\/post-50.jpg\" data-elementor-open-lightbox=\"yes\" data-elementor-lightbox-slideshow=\"372a935\" data-elementor-lightbox-title=\"post-50\" data-e-action-hash=\"#elementor-action%3Aaction%3Dlightbox%26settings%3DeyJpZCI6MjY2LCJ1cmwiOiJodHRwczpcL1wvZml4cGVyLmNvbS50clwvd3AtY29udGVudFwvdXBsb2Fkc1wvMjAyM1wvMDZcL3Bvc3QtNTAuanBnIiwic2xpZGVzaG93IjoiMzcyYTkzNSJ9\">\n\t\t\t\t\t<div class=\"e-gallery-image elementor-gallery-item__image\" data-thumbnail=\"https:\/\/fixper.com.tr\/wp-content\/uploads\/2023\/06\/post-50-300x200.jpg\" data-width=\"300\" data-height=\"200\" aria-label=\"\" role=\"img\" ><\/div>\n\t\t\t\t\t\t\t\t\t\t\t<div class=\"elementor-gallery-item__overlay\"><\/div>\n\t\t\t\t\t\t\t\t\t\t\t\t\t\t<\/a>\n\t\t\t\t\t\t\t<a class=\"e-gallery-item elementor-gallery-item elementor-animated-content\" href=\"https:\/\/fixper.com.tr\/wp-content\/uploads\/2023\/06\/7-1-1.jpg\" data-elementor-open-lightbox=\"yes\" data-elementor-lightbox-slideshow=\"372a935\" data-elementor-lightbox-title=\"7-1 (1)\" data-e-action-hash=\"#elementor-action%3Aaction%3Dlightbox%26settings%3DeyJpZCI6MjM3LCJ1cmwiOiJodHRwczpcL1wvZml4cGVyLmNvbS50clwvd3AtY29udGVudFwvdXBsb2Fkc1wvMjAyM1wvMDZcLzctMS0xLmpwZyIsInNsaWRlc2hvdyI6IjM3MmE5MzUifQ%3D%3D\">\n\t\t\t\t\t<div class=\"e-gallery-image elementor-gallery-item__image\" data-thumbnail=\"https:\/\/fixper.com.tr\/wp-content\/uploads\/2023\/06\/7-1-1-300x176.jpg\" data-width=\"300\" data-height=\"176\" aria-label=\"\" role=\"img\" ><\/div>\n\t\t\t\t\t\t\t\t\t\t\t<div class=\"elementor-gallery-item__overlay\"><\/div>\n\t\t\t\t\t\t\t\t\t\t\t\t\t\t<\/a>\n\t\t\t\t\t\t\t<a class=\"e-gallery-item elementor-gallery-item elementor-animated-content\" href=\"https:\/\/fixper.com.tr\/wp-content\/uploads\/2023\/06\/bg-slider-09-1.jpg\" data-elementor-open-lightbox=\"yes\" data-elementor-lightbox-slideshow=\"372a935\" data-elementor-lightbox-title=\"bg-slider-09 (1)\" data-e-action-hash=\"#elementor-action%3Aaction%3Dlightbox%26settings%3DeyJpZCI6NzksInVybCI6Imh0dHBzOlwvXC9maXhwZXIuY29tLnRyXC93cC1jb250ZW50XC91cGxvYWRzXC8yMDIzXC8wNlwvYmctc2xpZGVyLTA5LTEuanBnIiwic2xpZGVzaG93IjoiMzcyYTkzNSJ9\">\n\t\t\t\t\t<div class=\"e-gallery-image elementor-gallery-item__image\" data-thumbnail=\"https:\/\/fixper.com.tr\/wp-content\/uploads\/2023\/06\/bg-slider-09-1-300x158.jpg\" data-width=\"300\" data-height=\"158\" aria-label=\"\" role=\"img\" ><\/div>\n\t\t\t\t\t\t\t\t\t\t\t<div class=\"elementor-gallery-item__overlay\"><\/div>\n\t\t\t\t\t\t\t\t\t\t\t\t\t\t<\/a>\n\t\t\t\t\t\t\t<a class=\"e-gallery-item elementor-gallery-item elementor-animated-content\" href=\"https:\/\/fixper.com.tr\/wp-content\/uploads\/2023\/06\/bg-slider-01-1.jpg\" data-elementor-open-lightbox=\"yes\" data-elementor-lightbox-slideshow=\"372a935\" data-elementor-lightbox-title=\"bg-slider-01 (1)\" data-e-action-hash=\"#elementor-action%3Aaction%3Dlightbox%26settings%3DeyJpZCI6NTcsInVybCI6Imh0dHBzOlwvXC9maXhwZXIuY29tLnRyXC93cC1jb250ZW50XC91cGxvYWRzXC8yMDIzXC8wNlwvYmctc2xpZGVyLTAxLTEuanBnIiwic2xpZGVzaG93IjoiMzcyYTkzNSJ9\">\n\t\t\t\t\t<div class=\"e-gallery-image elementor-gallery-item__image\" data-thumbnail=\"https:\/\/fixper.com.tr\/wp-content\/uploads\/2023\/06\/bg-slider-01-1-300x158.jpg\" data-width=\"300\" data-height=\"158\" aria-label=\"\" role=\"img\" ><\/div>\n\t\t\t\t\t\t\t\t\t\t\t<div class=\"elementor-gallery-item__overlay\"><\/div>\n\t\t\t\t\t\t\t\t\t\t\t\t\t\t<\/a>\n\t\t\t\t\t\t\t<a class=\"e-gallery-item elementor-gallery-item elementor-animated-content\" href=\"https:\/\/fixper.com.tr\/wp-content\/uploads\/2023\/06\/bg-slider-02-1.jpg\" data-elementor-open-lightbox=\"yes\" data-elementor-lightbox-slideshow=\"372a935\" data-elementor-lightbox-title=\"bg-slider-02-1\" data-e-action-hash=\"#elementor-action%3Aaction%3Dlightbox%26settings%3DeyJpZCI6NTAsInVybCI6Imh0dHBzOlwvXC9maXhwZXIuY29tLnRyXC93cC1jb250ZW50XC91cGxvYWRzXC8yMDIzXC8wNlwvYmctc2xpZGVyLTAyLTEuanBnIiwic2xpZGVzaG93IjoiMzcyYTkzNSJ9\">\n\t\t\t\t\t<div class=\"e-gallery-image elementor-gallery-item__image\" data-thumbnail=\"https:\/\/fixper.com.tr\/wp-content\/uploads\/2023\/06\/bg-slider-02-1-300x158.jpg\" data-width=\"300\" data-height=\"158\" aria-label=\"\" role=\"img\" ><\/div>\n\t\t\t\t\t\t\t\t\t\t\t<div class=\"elementor-gallery-item__overlay\"><\/div>\n\t\t\t\t\t\t\t\t\t\t\t\t\t\t<\/a>\n\t\t\t\t\t\t\t<a class=\"e-gallery-item elementor-gallery-item elementor-animated-content\" href=\"https:\/\/fixper.com.tr\/wp-content\/uploads\/2023\/06\/bg-slider-09.jpg\" data-elementor-open-lightbox=\"yes\" data-elementor-lightbox-slideshow=\"372a935\" data-elementor-lightbox-title=\"bg-slider-09\" data-e-action-hash=\"#elementor-action%3Aaction%3Dlightbox%26settings%3DeyJpZCI6NzgsInVybCI6Imh0dHBzOlwvXC9maXhwZXIuY29tLnRyXC93cC1jb250ZW50XC91cGxvYWRzXC8yMDIzXC8wNlwvYmctc2xpZGVyLTA5LmpwZyIsInNsaWRlc2hvdyI6IjM3MmE5MzUifQ%3D%3D\">\n\t\t\t\t\t<div class=\"e-gallery-image elementor-gallery-item__image\" data-thumbnail=\"https:\/\/fixper.com.tr\/wp-content\/uploads\/2023\/06\/bg-slider-09-300x158.jpg\" data-width=\"300\" data-height=\"158\" aria-label=\"\" role=\"img\" ><\/div>\n\t\t\t\t\t\t\t\t\t\t\t<div class=\"elementor-gallery-item__overlay\"><\/div>\n\t\t\t\t\t\t\t\t\t\t\t\t\t\t<\/a>\n\t\t\t\t\t<\/div>\n\t\t\t\t\t<\/div>\n\t\t\t\t\t<\/div>\n\t\t<\/div>\n\t\t\t\t\t<\/div>\n\t\t<\/section>\n\t\t\t\t<\/div>\n\t\t","protected":false},"excerpt":{"rendered":"","protected":false},"author":1,"featured_media":0,"parent":0,"menu_order":0,"comment_status":"closed","ping_status":"closed","template":"elementor_header_footer","meta":{"footnotes":""},"class_list":["post-3390","page","type-page","status-publish","hentry"],"yoast_head":"<!-- This site is optimized with the Yoast SEO plugin v27.5 - https:\/\/yoast.com\/product\/yoast-seo-wordpress\/ -->\n<title>Foto\u011fraflar - Fixper<\/title>\n<meta name=\"description\" content=\"Fixper Yal\u0131t\u0131m\u2019\u0131n \u00fcr\u00fcnlerini ve projelerini foto\u011fraf galerimizde ke\u015ffedin\" \/>\n<meta name=\"robots\" content=\"index, follow, max-snippet:-1, max-image-preview:large, max-video-preview:-1\" \/>\n<link rel=\"canonical\" href=\"https:\/\/fixper.com.tr\/tr\/photos\/\" \/>\n<meta property=\"og:locale\" content=\"tr_TR\" \/>\n<meta property=\"og:type\" content=\"article\" \/>\n<meta property=\"og:title\" content=\"Foto\u011fraflar - Fixper\" \/>\n<meta property=\"og:description\" content=\"Fixper Yal\u0131t\u0131m\u2019\u0131n \u00fcr\u00fcnlerini ve projelerini foto\u011fraf galerimizde ke\u015ffedin\" \/>\n<meta property=\"og:url\" content=\"https:\/\/fixper.com.tr\/tr\/photos\/\" \/>\n<meta property=\"og:site_name\" content=\"Fixper\" \/>\n<meta property=\"article:modified_time\" content=\"2024-11-25T09:18:03+00:00\" \/>\n<meta name=\"twitter:card\" content=\"summary_large_image\" \/>\n<script type=\"application\/ld+json\" class=\"yoast-schema-graph\">{\"@context\":\"https:\\\/\\\/schema.org\",\"@graph\":[{\"@type\":\"WebPage\",\"@id\":\"https:\\\/\\\/fixper.com.tr\\\/tr\\\/photos\\\/\",\"url\":\"https:\\\/\\\/fixper.com.tr\\\/tr\\\/photos\\\/\",\"name\":\"Foto\u011fraflar - Fixper\",\"isPartOf\":{\"@id\":\"https:\\\/\\\/fixper.com.tr\\\/tr\\\/#website\"},\"datePublished\":\"2023-06-13T15:46:11+00:00\",\"dateModified\":\"2024-11-25T09:18:03+00:00\",\"description\":\"Fixper Yal\u0131t\u0131m\u2019\u0131n \u00fcr\u00fcnlerini ve projelerini foto\u011fraf galerimizde ke\u015ffedin\",\"breadcrumb\":{\"@id\":\"https:\\\/\\\/fixper.com.tr\\\/tr\\\/photos\\\/#breadcrumb\"},\"inLanguage\":\"tr\",\"potentialAction\":[{\"@type\":\"ReadAction\",\"target\":[\"https:\\\/\\\/fixper.com.tr\\\/tr\\\/photos\\\/\"]}]},{\"@type\":\"BreadcrumbList\",\"@id\":\"https:\\\/\\\/fixper.com.tr\\\/tr\\\/photos\\\/#breadcrumb\",\"itemListElement\":[{\"@type\":\"ListItem\",\"position\":1,\"name\":\"Anasayfa\",\"item\":\"https:\\\/\\\/fixper.com.tr\\\/tr\\\/\"},{\"@type\":\"ListItem\",\"position\":2,\"name\":\"Foto\u011fraflar\"}]},{\"@type\":\"WebSite\",\"@id\":\"https:\\\/\\\/fixper.com.tr\\\/tr\\\/#website\",\"url\":\"https:\\\/\\\/fixper.com.tr\\\/tr\\\/\",\"name\":\"Fixper\",\"description\":\"For More Livable Happy Buildings\",\"potentialAction\":[{\"@type\":\"SearchAction\",\"target\":{\"@type\":\"EntryPoint\",\"urlTemplate\":\"https:\\\/\\\/fixper.com.tr\\\/tr\\\/?s={search_term_string}\"},\"query-input\":{\"@type\":\"PropertyValueSpecification\",\"valueRequired\":true,\"valueName\":\"search_term_string\"}}],\"inLanguage\":\"tr\"}]}<\/script>\n<!-- \/ Yoast SEO plugin. -->","yoast_head_json":{"title":"Foto\u011fraflar - Fixper","description":"Fixper Yal\u0131t\u0131m\u2019\u0131n \u00fcr\u00fcnlerini ve projelerini foto\u011fraf galerimizde ke\u015ffedin","robots":{"index":"index","follow":"follow","max-snippet":"max-snippet:-1","max-image-preview":"max-image-preview:large","max-video-preview":"max-video-preview:-1"},"canonical":"https:\/\/fixper.com.tr\/tr\/photos\/","og_locale":"tr_TR","og_type":"article","og_title":"Foto\u011fraflar - Fixper","og_description":"Fixper Yal\u0131t\u0131m\u2019\u0131n \u00fcr\u00fcnlerini ve projelerini foto\u011fraf galerimizde ke\u015ffedin","og_url":"https:\/\/fixper.com.tr\/tr\/photos\/","og_site_name":"Fixper","article_modified_time":"2024-11-25T09:18:03+00:00","twitter_card":"summary_large_image","schema":{"@context":"https:\/\/schema.org","@graph":[{"@type":"WebPage","@id":"https:\/\/fixper.com.tr\/tr\/photos\/","url":"https:\/\/fixper.com.tr\/tr\/photos\/","name":"Foto\u011fraflar - Fixper","isPartOf":{"@id":"https:\/\/fixper.com.tr\/tr\/#website"},"datePublished":"2023-06-13T15:46:11+00:00","dateModified":"2024-11-25T09:18:03+00:00","description":"Fixper Yal\u0131t\u0131m\u2019\u0131n \u00fcr\u00fcnlerini ve projelerini foto\u011fraf galerimizde ke\u015ffedin","breadcrumb":{"@id":"https:\/\/fixper.com.tr\/tr\/photos\/#breadcrumb"},"inLanguage":"tr","potentialAction":[{"@type":"ReadAction","target":["https:\/\/fixper.com.tr\/tr\/photos\/"]}]},{"@type":"BreadcrumbList","@id":"https:\/\/fixper.com.tr\/tr\/photos\/#breadcrumb","itemListElement":[{"@type":"ListItem","position":1,"name":"Anasayfa","item":"https:\/\/fixper.com.tr\/tr\/"},{"@type":"ListItem","position":2,"name":"Foto\u011fraflar"}]},{"@type":"WebSite","@id":"https:\/\/fixper.com.tr\/tr\/#website","url":"https:\/\/fixper.com.tr\/tr\/","name":"Fixper","description":"For More Livable Happy Buildings","potentialAction":[{"@type":"SearchAction","target":{"@type":"EntryPoint","urlTemplate":"https:\/\/fixper.com.tr\/tr\/?s={search_term_string}"},"query-input":{"@type":"PropertyValueSpecification","valueRequired":true,"valueName":"search_term_string"}}],"inLanguage":"tr"}]}},"_links":{"self":[{"href":"https:\/\/fixper.com.tr\/tr\/wp-json\/wp\/v2\/pages\/3390","targetHints":{"allow":["GET"]}}],"collection":[{"href":"https:\/\/fixper.com.tr\/tr\/wp-json\/wp\/v2\/pages"}],"about":[{"href":"https:\/\/fixper.com.tr\/tr\/wp-json\/wp\/v2\/types\/page"}],"author":[{"embeddable":true,"href":"https:\/\/fixper.com.tr\/tr\/wp-json\/wp\/v2\/users\/1"}],"replies":[{"embeddable":true,"href":"https:\/\/fixper.com.tr\/tr\/wp-json\/wp\/v2\/comments?post=3390"}],"version-history":[{"count":1,"href":"https:\/\/fixper.com.tr\/tr\/wp-json\/wp\/v2\/pages\/3390\/revisions"}],"predecessor-version":[{"id":3391,"href":"https:\/\/fixper.com.tr\/tr\/wp-json\/wp\/v2\/pages\/3390\/revisions\/3391"}],"wp:attachment":[{"href":"https:\/\/fixper.com.tr\/tr\/wp-json\/wp\/v2\/media?parent=3390"}],"curies":[{"name":"wp","href":"https:\/\/api.w.org\/{rel}","templated":true}]}}